{"id":110,"date":"2025-03-26T19:56:24","date_gmt":"2025-03-26T19:56:24","guid":{"rendered":"https:\/\/kurtz.lv\/?page_id=110"},"modified":"2025-04-05T17:51:57","modified_gmt":"2025-04-05T17:51:57","slug":"materialu-razotaji","status":"publish","type":"page","link":"https:\/\/kurtz.lv\/?page_id=110","title":{"rendered":"Materi\u0101lu ra\u017eot\u0101ji"},"content":{"rendered":"\n<p>M\u0113s izmantojam materi\u0101lus tikai no uzticamiem un p\u0101rbaud\u012btiem ra\u017eot\u0101jiem!<\/p>\n\n\n\n<figure class=\"wp-block-gallery has-nested-images columns-6 wp-block-gallery-1 is-layout-flex wp-block-gallery-is-layout-flex\">\n<figure class=\"wp-block-image size-large\"><img loading=\"lazy\" decoding=\"async\" width=\"98\" height=\"128\" data-id=\"159\" src=\"https:\/\/kurtz.lv\/wp-content\/uploads\/2025\/04\/valmiera-1.png\" alt=\"\" class=\"wp-image-159\"\/><\/figure>\n\n\n\n<figure class=\"wp-block-image size-large\"><img loading=\"lazy\" decoding=\"async\" width=\"448\" height=\"128\" data-id=\"166\" src=\"https:\/\/kurtz.lv\/wp-content\/uploads\/2025\/04\/polyline-1.png\" alt=\"\" class=\"wp-image-166\" srcset=\"https:\/\/kurtz.lv\/wp-content\/uploads\/2025\/04\/polyline-1.png 448w, https:\/\/kurtz.lv\/wp-content\/uploads\/2025\/04\/polyline-1-300x86.png 300w\" sizes=\"auto, (max-width: 448px) 100vw, 448px\" \/><\/figure>\n\n\n\n<figure class=\"wp-block-image size-large\"><img loading=\"lazy\" decoding=\"async\" width=\"571\" height=\"128\" data-id=\"154\" src=\"https:\/\/kurtz.lv\/wp-content\/uploads\/2025\/04\/bosch-1.png\" alt=\"\" class=\"wp-image-154\" srcset=\"https:\/\/kurtz.lv\/wp-content\/uploads\/2025\/04\/bosch-1.png 571w, https:\/\/kurtz.lv\/wp-content\/uploads\/2025\/04\/bosch-1-300x67.png 300w\" sizes=\"auto, (max-width: 571px) 100vw, 571px\" \/><\/figure>\n\n\n\n<figure class=\"wp-block-image size-large\"><img loading=\"lazy\" decoding=\"async\" width=\"456\" height=\"128\" data-id=\"168\" src=\"https:\/\/kurtz.lv\/wp-content\/uploads\/2025\/04\/Flugger_black-1.png\" alt=\"\" class=\"wp-image-168\" srcset=\"https:\/\/kurtz.lv\/wp-content\/uploads\/2025\/04\/Flugger_black-1.png 456w, https:\/\/kurtz.lv\/wp-content\/uploads\/2025\/04\/Flugger_black-1-300x84.png 300w\" sizes=\"auto, (max-width: 456px) 100vw, 456px\" \/><\/figure>\n\n\n\n<figure class=\"wp-block-image size-large\"><img loading=\"lazy\" decoding=\"async\" width=\"389\" height=\"128\" data-id=\"160\" src=\"https:\/\/kurtz.lv\/wp-content\/uploads\/2025\/04\/mira-logo-1.png\" alt=\"\" class=\"wp-image-160\" srcset=\"https:\/\/kurtz.lv\/wp-content\/uploads\/2025\/04\/mira-logo-1.png 389w, https:\/\/kurtz.lv\/wp-content\/uploads\/2025\/04\/mira-logo-1-300x99.png 300w\" sizes=\"auto, (max-width: 389px) 100vw, 389px\" \/><\/figure>\n\n\n\n<figure class=\"wp-block-image size-large\"><img loading=\"lazy\" decoding=\"async\" width=\"726\" height=\"128\" data-id=\"147\" src=\"https:\/\/kurtz.lv\/wp-content\/uploads\/2025\/04\/3m-1.png\" alt=\"\" class=\"wp-image-147\" srcset=\"https:\/\/kurtz.lv\/wp-content\/uploads\/2025\/04\/3m-1.png 726w, https:\/\/kurtz.lv\/wp-content\/uploads\/2025\/04\/3m-1-300x53.png 300w\" sizes=\"auto, (max-width: 726px) 100vw, 726px\" \/><\/figure>\n\n\n\n<figure class=\"wp-block-image size-large\"><img loading=\"lazy\" decoding=\"async\" width=\"700\" height=\"128\" data-id=\"167\" src=\"https:\/\/kurtz.lv\/wp-content\/uploads\/2025\/04\/rockwool-1.png\" alt=\"\" class=\"wp-image-167\" srcset=\"https:\/\/kurtz.lv\/wp-content\/uploads\/2025\/04\/rockwool-1.png 700w, https:\/\/kurtz.lv\/wp-content\/uploads\/2025\/04\/rockwool-1-300x55.png 300w\" sizes=\"auto, (max-width: 700px) 100vw, 700px\" \/><\/figure>\n\n\n\n<figure class=\"wp-block-image size-large\"><img loading=\"lazy\" decoding=\"async\" width=\"127\" height=\"128\" data-id=\"149\" src=\"https:\/\/kurtz.lv\/wp-content\/uploads\/2025\/04\/logo-vivacolor-1.png\" alt=\"\" class=\"wp-image-149\"\/><\/figure>\n\n\n\n<figure class=\"wp-block-image size-large\"><img loading=\"lazy\" decoding=\"async\" width=\"127\" height=\"128\" data-id=\"148\" src=\"https:\/\/kurtz.lv\/wp-content\/uploads\/2025\/04\/Baumit_logo-1.png\" alt=\"\" class=\"wp-image-148\"\/><\/figure>\n\n\n\n<figure class=\"wp-block-image size-large\"><img loading=\"lazy\" decoding=\"async\" width=\"128\" height=\"128\" data-id=\"152\" src=\"https:\/\/kurtz.lv\/wp-content\/uploads\/2025\/04\/tikkurila-1.png\" alt=\"\" class=\"wp-image-152\"\/><\/figure>\n\n\n\n<figure class=\"wp-block-image size-large\"><img loading=\"lazy\" decoding=\"async\" width=\"364\" height=\"128\" data-id=\"162\" src=\"https:\/\/kurtz.lv\/wp-content\/uploads\/2025\/04\/weber-1.png\" alt=\"\" class=\"wp-image-162\" srcset=\"https:\/\/kurtz.lv\/wp-content\/uploads\/2025\/04\/weber-1.png 364w, https:\/\/kurtz.lv\/wp-content\/uploads\/2025\/04\/weber-1-300x105.png 300w\" sizes=\"auto, (max-width: 364px) 100vw, 364px\" \/><\/figure>\n\n\n\n<figure class=\"wp-block-image size-large\"><img loading=\"lazy\" decoding=\"async\" width=\"548\" height=\"128\" data-id=\"163\" src=\"https:\/\/kurtz.lv\/wp-content\/uploads\/2025\/04\/ceresit-1.png\" alt=\"\" class=\"wp-image-163\" srcset=\"https:\/\/kurtz.lv\/wp-content\/uploads\/2025\/04\/ceresit-1.png 548w, https:\/\/kurtz.lv\/wp-content\/uploads\/2025\/04\/ceresit-1-300x70.png 300w\" sizes=\"auto, (max-width: 548px) 100vw, 548px\" \/><\/figure>\n\n\n\n<figure class=\"wp-block-image size-large\"><img loading=\"lazy\" decoding=\"async\" width=\"213\" height=\"128\" data-id=\"155\" src=\"https:\/\/kurtz.lv\/wp-content\/uploads\/2025\/04\/ColorExpert_logo_all-1.png\" alt=\"\" class=\"wp-image-155\"\/><\/figure>\n\n\n\n<figure class=\"wp-block-image size-large\"><img loading=\"lazy\" decoding=\"async\" width=\"162\" height=\"128\" data-id=\"161\" src=\"https:\/\/kurtz.lv\/wp-content\/uploads\/2025\/04\/caparol_logo-1.png\" alt=\"\" class=\"wp-image-161\"\/><\/figure>\n\n\n\n<figure class=\"wp-block-image size-large\"><img loading=\"lazy\" decoding=\"async\" width=\"843\" height=\"128\" data-id=\"165\" src=\"https:\/\/kurtz.lv\/wp-content\/uploads\/2025\/04\/stanley-1.png\" alt=\"\" class=\"wp-image-165\" srcset=\"https:\/\/kurtz.lv\/wp-content\/uploads\/2025\/04\/stanley-1.png 843w, https:\/\/kurtz.lv\/wp-content\/uploads\/2025\/04\/stanley-1-300x46.png 300w, https:\/\/kurtz.lv\/wp-content\/uploads\/2025\/04\/stanley-1-768x117.png 768w\" sizes=\"auto, (max-width: 843px) 100vw, 843px\" \/><\/figure>\n\n\n\n<figure class=\"wp-block-image size-large\"><img loading=\"lazy\" decoding=\"async\" width=\"378\" height=\"128\" data-id=\"156\" src=\"https:\/\/kurtz.lv\/wp-content\/uploads\/2025\/04\/wkret-1.png\" alt=\"\" class=\"wp-image-156\" srcset=\"https:\/\/kurtz.lv\/wp-content\/uploads\/2025\/04\/wkret-1.png 378w, https:\/\/kurtz.lv\/wp-content\/uploads\/2025\/04\/wkret-1-300x102.png 300w\" sizes=\"auto, (max-width: 378px) 100vw, 378px\" \/><\/figure>\n\n\n\n<figure class=\"wp-block-image size-large\"><img loading=\"lazy\" decoding=\"async\" width=\"490\" height=\"128\" data-id=\"158\" src=\"https:\/\/kurtz.lv\/wp-content\/uploads\/2025\/04\/folsen-1.png\" alt=\"\" class=\"wp-image-158\" srcset=\"https:\/\/kurtz.lv\/wp-content\/uploads\/2025\/04\/folsen-1.png 490w, https:\/\/kurtz.lv\/wp-content\/uploads\/2025\/04\/folsen-1-300x78.png 300w\" sizes=\"auto, (max-width: 490px) 100vw, 490px\" \/><\/figure>\n\n\n\n<figure class=\"wp-block-image size-large\"><img loading=\"lazy\" decoding=\"async\" width=\"446\" height=\"128\" data-id=\"164\" src=\"https:\/\/kurtz.lv\/wp-content\/uploads\/2025\/04\/Logo_Ejot-1.jpg\" alt=\"\" class=\"wp-image-164\" srcset=\"https:\/\/kurtz.lv\/wp-content\/uploads\/2025\/04\/Logo_Ejot-1.jpg 446w, https:\/\/kurtz.lv\/wp-content\/uploads\/2025\/04\/Logo_Ejot-1-300x86.jpg 300w\" sizes=\"auto, (max-width: 446px) 100vw, 446px\" \/><\/figure>\n\n\n\n<figure class=\"wp-block-image size-large\"><img loading=\"lazy\" decoding=\"async\" width=\"466\" height=\"128\" data-id=\"151\" src=\"https:\/\/kurtz.lv\/wp-content\/uploads\/2025\/04\/tesa-1.png\" alt=\"\" class=\"wp-image-151\" srcset=\"https:\/\/kurtz.lv\/wp-content\/uploads\/2025\/04\/tesa-1.png 466w, https:\/\/kurtz.lv\/wp-content\/uploads\/2025\/04\/tesa-1-300x82.png 300w\" sizes=\"auto, (max-width: 466px) 100vw, 466px\" \/><\/figure>\n\n\n\n<figure class=\"wp-block-image size-large\"><img loading=\"lazy\" decoding=\"async\" width=\"128\" height=\"128\" data-id=\"150\" src=\"https:\/\/kurtz.lv\/wp-content\/uploads\/2025\/04\/sakret-1.jpg\" alt=\"\" class=\"wp-image-150\"\/><\/figure>\n\n\n\n<figure class=\"wp-block-image size-large\"><img loading=\"lazy\" decoding=\"async\" width=\"256\" height=\"128\" data-id=\"153\" src=\"https:\/\/kurtz.lv\/wp-content\/uploads\/2025\/04\/knauf-1.png\" alt=\"\" class=\"wp-image-153\"\/><\/figure>\n\n\n\n<figure class=\"wp-block-image size-large\"><img loading=\"lazy\" decoding=\"async\" width=\"505\" height=\"128\" data-id=\"157\" src=\"https:\/\/kurtz.lv\/wp-content\/uploads\/2025\/04\/denbraven-1.png\" alt=\"\" class=\"wp-image-157\" srcset=\"https:\/\/kurtz.lv\/wp-content\/uploads\/2025\/04\/denbraven-1.png 505w, https:\/\/kurtz.lv\/wp-content\/uploads\/2025\/04\/denbraven-1-300x76.png 300w\" sizes=\"auto, (max-width: 505px) 100vw, 505px\" \/><\/figure>\n<\/figure>\n\n\n\n<p><\/p>\n","protected":false},"excerpt":{"rendered":"<p>M\u0113s izmantojam materi\u0101lus tikai no uzticamiem un p\u0101rbaud\u012btiem ra\u017eot\u0101jiem!<\/p>\n","protected":false},"author":1,"featured_media":0,"parent":0,"menu_order":0,"comment_status":"closed","ping_status":"closed","template":"","meta":{"om_disable_all_campaigns":false,"_monsterinsights_skip_tracking":false,"_monsterinsights_sitenote_active":false,"_monsterinsights_sitenote_note":"","_monsterinsights_sitenote_category":0,"footnotes":""},"class_list":["post-110","page","type-page","status-publish","hentry"],"aioseo_notices":[],"_links":{"self":[{"href":"https:\/\/kurtz.lv\/index.php?rest_route=\/wp\/v2\/pages\/110","targetHints":{"allow":["GET"]}}],"collection":[{"href":"https:\/\/kurtz.lv\/index.php?rest_route=\/wp\/v2\/pages"}],"about":[{"href":"https:\/\/kurtz.lv\/index.php?rest_route=\/wp\/v2\/types\/page"}],"author":[{"embeddable":true,"href":"https:\/\/kurtz.lv\/index.php?rest_route=\/wp\/v2\/users\/1"}],"replies":[{"embeddable":true,"href":"https:\/\/kurtz.lv\/index.php?rest_route=%2Fwp%2Fv2%2Fcomments&post=110"}],"version-history":[{"count":4,"href":"https:\/\/kurtz.lv\/index.php?rest_route=\/wp\/v2\/pages\/110\/revisions"}],"predecessor-version":[{"id":146,"href":"https:\/\/kurtz.lv\/index.php?rest_route=\/wp\/v2\/pages\/110\/revisions\/146"}],"wp:attachment":[{"href":"https:\/\/kurtz.lv\/index.php?rest_route=%2Fwp%2Fv2%2Fmedia&parent=110"}],"curies":[{"name":"wp","href":"https:\/\/api.w.org\/{rel}","templated":true}]}}